{"id":2,"date":"2022-11-08T08:45:53","date_gmt":"2022-11-08T08:45:53","guid":{"rendered":"https:\/\/lamochiladeclara.com\/?page_id=2"},"modified":"2022-11-09T11:20:17","modified_gmt":"2022-11-09T10:20:17","slug":"como-empezar-la-mochila-de-clara","status":"publish","type":"page","link":"https:\/\/lamochiladeclara.com\/en\/como-empezar-la-mochila-de-clara\/","title":{"rendered":"\"How to start? - Clara's backpack\""},"content":{"rendered":"<p>I've been thinking about the design and how to present myself for days and I'm not making progress. So, I'm just going to take the plunge. This probably won't be the final look of the blog, but I prefer to start building it and perfecting it as I become more familiar with it. Sorry, I haven't introduced myself yet.<\/p>\n\n\n\n<h2 class=\"wp-block-heading\">Who?<\/h2>\n\n\n<div class=\"wp-block-image\">\n<figure class=\"alignleft size-large is-resized\"><img loading=\"lazy\" decoding=\"async\" src=\"https:\/\/lamochiladeclara.com\/wp-content\/uploads\/2022\/11\/b7e135eb-9e4e-4e73-a5d4-7d421f07f0ac-768x1024.jpg\" alt=\"\" class=\"wp-image-23\" width=\"256\" height=\"342\" srcset=\"\" sizes=\"auto, (max-width: 256px) 100vw, 256px\" data-srcset=\"\" \/><figcaption class=\"wp-element-caption\">September 2019, Milan<\/figcaption><\/figure>\n<\/div>\n\n\n<blockquote class=\"wp-block-quote is-layout-flow wp-block-quote-is-layout-flow\">\n<p>My name is Clara Oliver and I've always enjoyed learning. Since I was a kid, I've been an avid reader and fan of movies and TV series. I'm a chemist, but that doesn't define me. Like most people, I love to travel. I have an uncontrolled passion for searching for the best deals. Deals to discover the world or revisit cities I've already been to.<\/p>\n\n\n\n<h3 class=\"wp-block-heading\">When?<\/h3>\n\n\n\n<p>\"In recent years, I have been learning about self-awareness, emotional management, and developing (healthy) habits. I have read a lot about the importance of having the right attitude, getting enough rest, having a healthy diet (and fasting), and finding lost motivation. I have always enjoyed sharing everything I've learned with my friends and family.\"<\/p>\n\n\n\n<h3 class=\"wp-block-heading\">How?<\/h3>\n\n\n\n<p>In this blog, I intend to open my <strong>backpack to you<\/strong>. I want to share with you the knowledge and lessons I've gathered throughout my life. My goal is to help you improve in different aspects of life. I believe that the information I've compiled in my backpack can be valuable to you. I've always enjoyed sharing what I've learned with others, and I hope this blog can be a helpful resource for you.\"<\/p>\n<\/blockquote>\n\n\n\n<h2 class=\"wp-block-heading\">Y ahora&#8230;<\/h2>\n\n\n\n<p>\"If you've made it this far, I invite you to dive into the blog. Read more about any particular aspect that interests you and that you'd like to improve or learn more about in greater depth.\"<\/p>\n\n\n\n<p>Aviso para navegantes, no soy una profesional ni una experta en (casi) nada. (Aqu\u00ed mi ego tir\u00e1ndose de los pelos, pero que lo supere). As\u00ed que te invito a aprender junto a mi de los profesionales y estudiosos que me han ayudado tanto. Si consigo que mejores, aunque sea s\u00f3lo un 1%, en alg\u00fan \u00e1mbito de tu vida, entonces, ya habr\u00e1 valido la pena.<\/p>\n\n\n\n<p><\/p>","protected":false},"excerpt":{"rendered":"<p>Llevo d\u00edas d\u00e1ndole vueltas al tema del dise\u00f1o, forma de presentarme y no avanzo. As\u00ed que nada, voy a dar el salto, as\u00ed sin m\u00e1s. Seguramente, este no ser\u00e1 el<span class=\"more-button\"><a href=\"https:\/\/lamochiladeclara.com\/en\/como-empezar-la-mochila-de-clara\/\" class=\"more-link\">Continue reading<span class=\"screen-reader-text\">\"How to start? - Clara's backpack\"<\/span><\/a><\/span><\/p>","protected":false},"author":1,"featured_media":0,"parent":0,"menu_order":0,"comment_status":"closed","ping_status":"open","template":"","meta":{"om_disable_all_campaigns":false,"_monsterinsights_skip_tracking":false,"_monsterinsights_sitenote_active":false,"_monsterinsights_sitenote_note":"","_monsterinsights_sitenote_category":0,"footnotes":""},"class_list":["post-2","page","type-page","status-publish","hentry"],"aioseo_notices":[],"_links":{"self":[{"href":"https:\/\/lamochiladeclara.com\/en\/wp-json\/wp\/v2\/pages\/2","targetHints":{"allow":["GET"]}}],"collection":[{"href":"https:\/\/lamochiladeclara.com\/en\/wp-json\/wp\/v2\/pages"}],"about":[{"href":"https:\/\/lamochiladeclara.com\/en\/wp-json\/wp\/v2\/types\/page"}],"author":[{"embeddable":true,"href":"https:\/\/lamochiladeclara.com\/en\/wp-json\/wp\/v2\/users\/1"}],"replies":[{"embeddable":true,"href":"https:\/\/lamochiladeclara.com\/en\/wp-json\/wp\/v2\/comments?post=2"}],"version-history":[{"count":7,"href":"https:\/\/lamochiladeclara.com\/en\/wp-json\/wp\/v2\/pages\/2\/revisions"}],"predecessor-version":[{"id":31,"href":"https:\/\/lamochiladeclara.com\/en\/wp-json\/wp\/v2\/pages\/2\/revisions\/31"}],"wp:attachment":[{"href":"https:\/\/lamochiladeclara.com\/en\/wp-json\/wp\/v2\/media?parent=2"}],"curies":[{"name":"wp","href":"https:\/\/api.w.org\/{rel}","templated":true}]}}